{"id":41,"date":"2020-02-27T12:25:56","date_gmt":"2020-02-27T12:25:56","guid":{"rendered":"http:\/\/simec57.fr\/?page_id=41"},"modified":"2023-06-05T11:44:23","modified_gmt":"2023-06-05T11:44:23","slug":"electricite","status":"publish","type":"page","link":"https:\/\/simec57.fr\/?page_id=41","title":{"rendered":"Electricit\u00e9 &#8211; Motorisation &#8211; Contr\u00f4le d&rsquo;acc\u00e8s"},"content":{"rendered":"\n<ul class=\"wp-block-list\">\n<li><a href=\"https:\/\/simec57.fr\/?cat=70\">Automatismes \/ motorisations<\/a><\/li>\n\n\n\n<li><a href=\"https:\/\/simec57.fr\/?cat=64\">Interphones<\/a> \/ vid\u00e9o surveillance<\/li>\n\n\n\n<li><a href=\"https:\/\/simec57.fr\/?cat=70\">Contr\u00f4le d&rsquo;acc\u00e8s<\/a> <\/li>\n\n\n\n<li><a href=\"https:\/\/simec57.fr\/?page_id=59\">Maintenance<\/a><\/li>\n<\/ul>\n\n\n\n<p class=\"has-text-align-center has-small-font-size\"><br>Installation, entretien, d\u00e9pannage de votre syst\u00e8me de motorisation et d&rsquo;automatisme de portail, porte, volets et interphone.<\/p>\n\n\n<div class=\"wp-block-image\">\n<figure class=\"aligncenter is-resized\"><img loading=\"lazy\" decoding=\"async\" src=\"https:\/\/simec57.fr\/wp-content\/uploads\/2020\/11\/LOGO_Came.jpg\" alt=\"Came motorisation\" class=\"wp-image-252\" width=\"172\" height=\"47\" srcset=\"https:\/\/simec57.fr\/wp-content\/uploads\/2020\/11\/LOGO_Came.jpg 686w, https:\/\/simec57.fr\/wp-content\/uploads\/2020\/11\/LOGO_Came-300x83.jpg 300w\" sizes=\"auto, (max-width: 172px) 100vw, 172px\" \/><\/figure>\n<\/div>\n\n\n<p class=\"has-text-align-center\"><em><strong>Installateur CAME premium<\/strong><\/em><\/p>\n\n\n\n<p><\/p>\n\n\n\n<p class=\"has-text-align-center\"><em>Un projet,\u00a0<a href=\"https:\/\/simec57.fr\/?page_id=25\">contactez nous<\/a><\/em><\/p>\n","protected":false},"excerpt":{"rendered":"<p>Installation, entretien, d\u00e9pannage de votre syst\u00e8me de motorisation et d&rsquo;automatisme de portail, porte, volets et interphone. Installateur CAME premium Un projet,\u00a0contactez nous<\/p>\n","protected":false},"author":1,"featured_media":0,"parent":0,"menu_order":0,"comment_status":"closed","ping_status":"closed","template":"","meta":{"_sitemap_exclude":false,"_sitemap_priority":"","_sitemap_frequency":"","_monsterinsights_skip_tracking":false,"_monsterinsights_sitenote_active":false,"_monsterinsights_sitenote_note":"","_monsterinsights_sitenote_category":0,"footnotes":""},"class_list":["post-41","page","type-page","status-publish","hentry"],"aioseo_notices":[],"_links":{"self":[{"href":"https:\/\/simec57.fr\/index.php?rest_route=\/wp\/v2\/pages\/41","targetHints":{"allow":["GET"]}}],"collection":[{"href":"https:\/\/simec57.fr\/index.php?rest_route=\/wp\/v2\/pages"}],"about":[{"href":"https:\/\/simec57.fr\/index.php?rest_route=\/wp\/v2\/types\/page"}],"author":[{"embeddable":true,"href":"https:\/\/simec57.fr\/index.php?rest_route=\/wp\/v2\/users\/1"}],"replies":[{"embeddable":true,"href":"https:\/\/simec57.fr\/index.php?rest_route=%2Fwp%2Fv2%2Fcomments&post=41"}],"version-history":[{"count":21,"href":"https:\/\/simec57.fr\/index.php?rest_route=\/wp\/v2\/pages\/41\/revisions"}],"predecessor-version":[{"id":860,"href":"https:\/\/simec57.fr\/index.php?rest_route=\/wp\/v2\/pages\/41\/revisions\/860"}],"wp:attachment":[{"href":"https:\/\/simec57.fr\/index.php?rest_route=%2Fwp%2Fv2%2Fmedia&parent=41"}],"curies":[{"name":"wp","href":"https:\/\/api.w.org\/{rel}","templated":true}]}}