{"id":37,"date":"2020-02-27T12:23:57","date_gmt":"2020-02-27T12:23:57","guid":{"rendered":"http:\/\/simec57.fr\/?page_id=37"},"modified":"2022-09-19T07:36:07","modified_gmt":"2022-09-19T07:36:07","slug":"serrurerie","status":"publish","type":"page","link":"https:\/\/simec57.fr\/?page_id=37","title":{"rendered":"Solutions int\u00e9rieures"},"content":{"rendered":"\n<p class=\"has-medium-font-size\">R\u00e9alisation et pose :<\/p>\n\n\n\n<ul class=\"wp-block-list\"><li><a href=\"https:\/\/simec57.fr\/?cat=197\">Garde-corps<\/a><\/li><li><a href=\"https:\/\/simec57.fr\/?cat=203\">Escaliers<\/a><\/li><li>Rampes<\/li><li><a href=\"https:\/\/simec57.fr\/?cat=29\">Mobiliers<\/a><\/li><li><a href=\"https:\/\/simec57.fr\/?cat=150\">D\u00e9coration<\/a><\/li><li><a href=\"https:\/\/simec57.fr\/?cat=240\">Verri\u00e8res<\/a><\/li><\/ul>\n\n\n\n<p class=\"has-text-align-center\"><em>Un projet,\u00a0<a href=\"https:\/\/simec57.fr\/?page_id=25\">contactez nous<\/a><\/em><\/p>\n\n\n\n<p><\/p>\n","protected":false},"excerpt":{"rendered":"<p>R\u00e9alisation et pose : Garde-corps Escaliers Rampes Mobiliers D\u00e9coration Verri\u00e8res Un projet,\u00a0contactez nous<\/p>\n","protected":false},"author":1,"featured_media":0,"parent":0,"menu_order":0,"comment_status":"closed","ping_status":"closed","template":"","meta":{"_sitemap_exclude":false,"_sitemap_priority":"","_sitemap_frequency":"","_monsterinsights_skip_tracking":false,"_monsterinsights_sitenote_active":false,"_monsterinsights_sitenote_note":"","_monsterinsights_sitenote_category":0,"footnotes":""},"class_list":["post-37","page","type-page","status-publish","hentry"],"aioseo_notices":[],"_links":{"self":[{"href":"https:\/\/simec57.fr\/index.php?rest_route=\/wp\/v2\/pages\/37","targetHints":{"allow":["GET"]}}],"collection":[{"href":"https:\/\/simec57.fr\/index.php?rest_route=\/wp\/v2\/pages"}],"about":[{"href":"https:\/\/simec57.fr\/index.php?rest_route=\/wp\/v2\/types\/page"}],"author":[{"embeddable":true,"href":"https:\/\/simec57.fr\/index.php?rest_route=\/wp\/v2\/users\/1"}],"replies":[{"embeddable":true,"href":"https:\/\/simec57.fr\/index.php?rest_route=%2Fwp%2Fv2%2Fcomments&post=37"}],"version-history":[{"count":13,"href":"https:\/\/simec57.fr\/index.php?rest_route=\/wp\/v2\/pages\/37\/revisions"}],"predecessor-version":[{"id":725,"href":"https:\/\/simec57.fr\/index.php?rest_route=\/wp\/v2\/pages\/37\/revisions\/725"}],"wp:attachment":[{"href":"https:\/\/simec57.fr\/index.php?rest_route=%2Fwp%2Fv2%2Fmedia&parent=37"}],"curies":[{"name":"wp","href":"https:\/\/api.w.org\/{rel}","templated":true}]}}