{"id":290,"date":"2022-02-07T08:28:34","date_gmt":"2022-02-07T08:28:34","guid":{"rendered":"http:\/\/simec57.fr\/?page_id=290"},"modified":"2023-07-06T11:56:40","modified_gmt":"2023-07-06T11:56:40","slug":"decoupe","status":"publish","type":"page","link":"https:\/\/simec57.fr\/?page_id=290","title":{"rendered":"D\u00e9coupe plasma"},"content":{"rendered":"\n<p class=\"has-medium-font-size\">Grace \u00e0 notre table de d\u00e9coupe plasma, nous r\u00e9alisons \u00e0 partir de vos plans, ou par notre \u00e9quipe d\u00e9di\u00e9e de :<\/p>\n\n\n\n<ul class=\"wp-block-list\">\n<li><a href=\"https:\/\/simec57.fr\/?cat=155\">pi\u00e8ces industrielles<\/a> <\/li>\n\n\n\n<li><a href=\"https:\/\/simec57.fr\/?cat=250\">portails personnalis\u00e9s<\/a><\/li>\n\n\n\n<li><a href=\"https:\/\/simec57.fr\/?cat=188\">mobiliers urbain personnalis\u00e9s<\/a><\/li>\n\n\n\n<li><a href=\"https:\/\/simec57.fr\/?cat=150\">d\u00e9corations int\u00e9rieurs<\/a> \/ <a href=\"https:\/\/simec57.fr\/?cat=189\">ext\u00e9rieurs<\/a><\/li>\n\n\n\n<li>totems <\/li>\n<\/ul>\n\n\n<div class=\"wp-block-image is-style-default\">\n<figure class=\"aligncenter size-large is-resized\"><img loading=\"lazy\" decoding=\"async\" src=\"https:\/\/simec57.fr\/wp-content\/uploads\/2022\/02\/IMG_E3462-1-1024x768.jpg\" alt=\"D\u00e9coupe plasma\" class=\"wp-image-296\" width=\"589\" height=\"442\" srcset=\"https:\/\/simec57.fr\/wp-content\/uploads\/2022\/02\/IMG_E3462-1-1024x768.jpg 1024w, https:\/\/simec57.fr\/wp-content\/uploads\/2022\/02\/IMG_E3462-1-300x225.jpg 300w, https:\/\/simec57.fr\/wp-content\/uploads\/2022\/02\/IMG_E3462-1-768x576.jpg 768w, https:\/\/simec57.fr\/wp-content\/uploads\/2022\/02\/IMG_E3462-1-1536x1152.jpg 1536w, https:\/\/simec57.fr\/wp-content\/uploads\/2022\/02\/IMG_E3462-1-2048x1536.jpg 2048w\" sizes=\"auto, (max-width: 589px) 100vw, 589px\" \/><\/figure>\n<\/div>\n\n\n<p><\/p>\n\n\n\n<p class=\"has-text-align-center has-small-font-size\"><em><a data-type=\"URL\" data-id=\"https:\/\/simec57.fr\/tag\/decoupe-2\" href=\"https:\/\/simec57.fr\/tag\/decoupe-2\">#<\/a><a href=\"https:\/\/simec57.fr\/?tag=decoupe\">d\u00e9coupe<\/a><\/em><\/p>\n\n\n\n<p class=\"has-text-align-center\"><em>Un projet,&nbsp;<a href=\"https:\/\/simec57.fr\/?page_id=25\">contactez nous<\/a><\/em><\/p>\n","protected":false},"excerpt":{"rendered":"<p>Grace \u00e0 notre table de d\u00e9coupe plasma, nous r\u00e9alisons \u00e0 partir de vos plans, ou par notre \u00e9quipe d\u00e9di\u00e9e de : #d\u00e9coupe Un projet,&nbsp;contactez nous<\/p>\n","protected":false},"author":1,"featured_media":0,"parent":0,"menu_order":0,"comment_status":"closed","ping_status":"closed","template":"","meta":{"_sitemap_exclude":false,"_sitemap_priority":"","_sitemap_frequency":"","_monsterinsights_skip_tracking":false,"_monsterinsights_sitenote_active":false,"_monsterinsights_sitenote_note":"","_monsterinsights_sitenote_category":0,"footnotes":""},"class_list":["post-290","page","type-page","status-publish","hentry"],"aioseo_notices":[],"_links":{"self":[{"href":"https:\/\/simec57.fr\/index.php?rest_route=\/wp\/v2\/pages\/290","targetHints":{"allow":["GET"]}}],"collection":[{"href":"https:\/\/simec57.fr\/index.php?rest_route=\/wp\/v2\/pages"}],"about":[{"href":"https:\/\/simec57.fr\/index.php?rest_route=\/wp\/v2\/types\/page"}],"author":[{"embeddable":true,"href":"https:\/\/simec57.fr\/index.php?rest_route=\/wp\/v2\/users\/1"}],"replies":[{"embeddable":true,"href":"https:\/\/simec57.fr\/index.php?rest_route=%2Fwp%2Fv2%2Fcomments&post=290"}],"version-history":[{"count":18,"href":"https:\/\/simec57.fr\/index.php?rest_route=\/wp\/v2\/pages\/290\/revisions"}],"predecessor-version":[{"id":919,"href":"https:\/\/simec57.fr\/index.php?rest_route=\/wp\/v2\/pages\/290\/revisions\/919"}],"wp:attachment":[{"href":"https:\/\/simec57.fr\/index.php?rest_route=%2Fwp%2Fv2%2Fmedia&parent=290"}],"curies":[{"name":"wp","href":"https:\/\/api.w.org\/{rel}","templated":true}]}}