{"id":1030,"date":"2026-04-21T08:42:45","date_gmt":"2026-04-21T08:42:45","guid":{"rendered":"https:\/\/simec57.fr\/?page_id=1030"},"modified":"2026-04-21T08:47:23","modified_gmt":"2026-04-21T08:47:23","slug":"latelier-simec-la-solution-particulier","status":"publish","type":"page","link":"https:\/\/simec57.fr\/?page_id=1030","title":{"rendered":"NOUVEAU &#8211; L&rsquo;Atelier Simec"},"content":{"rendered":"<div class=\"wp-block-image\">\n<figure class=\"aligncenter size-large is-resized\"><a href=\"https:\/\/lateliersimec.fr\/\"><img loading=\"lazy\" decoding=\"async\" width=\"1024\" height=\"664\" src=\"https:\/\/simec57.fr\/wp-content\/uploads\/2026\/04\/jpg-1024x664.jpg\" alt=\"\" class=\"wp-image-1004\" style=\"width:434px;height:auto\" srcset=\"https:\/\/simec57.fr\/wp-content\/uploads\/2026\/04\/jpg-1024x664.jpg 1024w, https:\/\/simec57.fr\/wp-content\/uploads\/2026\/04\/jpg-300x194.jpg 300w, https:\/\/simec57.fr\/wp-content\/uploads\/2026\/04\/jpg-768x498.jpg 768w, https:\/\/simec57.fr\/wp-content\/uploads\/2026\/04\/jpg-1536x995.jpg 1536w, https:\/\/simec57.fr\/wp-content\/uploads\/2026\/04\/jpg.jpg 2048w\" sizes=\"auto, (max-width: 1024px) 100vw, 1024px\" \/><\/a><\/figure>\n<\/div>\n\n\n<p class=\"has-text-align-center\">Cr\u00e9ations uniques, alliant pr\u00e9cision, exigence et finitions soign\u00e9es.<\/p>\n\n\n\n<p class=\"has-text-align-center has-large-font-size\">D\u00e9couvrez nous <em><a href=\"https:\/\/simec57.fr\/?page_id=1003\" title=\"\">ici<\/a><\/em><\/p>\n\n\n\n<p><\/p>\n","protected":false},"excerpt":{"rendered":"<p>Cr\u00e9ations uniques, alliant pr\u00e9cision, exigence et finitions soign\u00e9es. D\u00e9couvrez nous ici<\/p>\n","protected":false},"author":1,"featured_media":0,"parent":0,"menu_order":0,"comment_status":"closed","ping_status":"closed","template":"","meta":{"_sitemap_exclude":false,"_sitemap_priority":"","_sitemap_frequency":"","_monsterinsights_skip_tracking":false,"_monsterinsights_sitenote_active":false,"_monsterinsights_sitenote_note":"","_monsterinsights_sitenote_category":0,"footnotes":""},"class_list":["post-1030","page","type-page","status-publish","hentry"],"aioseo_notices":[],"_links":{"self":[{"href":"https:\/\/simec57.fr\/index.php?rest_route=\/wp\/v2\/pages\/1030","targetHints":{"allow":["GET"]}}],"collection":[{"href":"https:\/\/simec57.fr\/index.php?rest_route=\/wp\/v2\/pages"}],"about":[{"href":"https:\/\/simec57.fr\/index.php?rest_route=\/wp\/v2\/types\/page"}],"author":[{"embeddable":true,"href":"https:\/\/simec57.fr\/index.php?rest_route=\/wp\/v2\/users\/1"}],"replies":[{"embeddable":true,"href":"https:\/\/simec57.fr\/index.php?rest_route=%2Fwp%2Fv2%2Fcomments&post=1030"}],"version-history":[{"count":7,"href":"https:\/\/simec57.fr\/index.php?rest_route=\/wp\/v2\/pages\/1030\/revisions"}],"predecessor-version":[{"id":1041,"href":"https:\/\/simec57.fr\/index.php?rest_route=\/wp\/v2\/pages\/1030\/revisions\/1041"}],"wp:attachment":[{"href":"https:\/\/simec57.fr\/index.php?rest_route=%2Fwp%2Fv2%2Fmedia&parent=1030"}],"curies":[{"name":"wp","href":"https:\/\/api.w.org\/{rel}","templated":true}]}}