{"id":1003,"date":"2026-04-21T08:26:52","date_gmt":"2026-04-21T08:26:52","guid":{"rendered":"https:\/\/simec57.fr\/?page_id=1003"},"modified":"2026-04-21T08:50:02","modified_gmt":"2026-04-21T08:50:02","slug":"latelier-simec-metallerie-sur-mesure-en-moselle","status":"publish","type":"page","link":"https:\/\/simec57.fr\/?page_id=1003","title":{"rendered":"L\u2019Atelier Simec &#8211; M\u00e9tallerie sur mesure en Moselle"},"content":{"rendered":"\n<p class=\"has-text-align-center\"><strong>Le m\u00e9tal travaill\u00e9 avec exigence, au service de vos projets uniques<\/strong><\/p>\n\n\n<div class=\"wp-block-image\">\n<figure class=\"aligncenter size-large is-resized\"><a href=\"https:\/\/lateliersimec.fr\/\"><img loading=\"lazy\" decoding=\"async\" width=\"1024\" height=\"664\" src=\"https:\/\/simec57.fr\/wp-content\/uploads\/2026\/04\/jpg-1024x664.jpg\" alt=\"\" class=\"wp-image-1004\" style=\"aspect-ratio:1.5422042019904165;width:328px;height:auto\" srcset=\"https:\/\/simec57.fr\/wp-content\/uploads\/2026\/04\/jpg-1024x664.jpg 1024w, https:\/\/simec57.fr\/wp-content\/uploads\/2026\/04\/jpg-300x194.jpg 300w, https:\/\/simec57.fr\/wp-content\/uploads\/2026\/04\/jpg-768x498.jpg 768w, https:\/\/simec57.fr\/wp-content\/uploads\/2026\/04\/jpg-1536x995.jpg 1536w, https:\/\/simec57.fr\/wp-content\/uploads\/2026\/04\/jpg.jpg 2048w\" sizes=\"auto, (max-width: 1024px) 100vw, 1024px\" \/><\/a><\/figure>\n<\/div>\n\n\n<p class=\"has-text-align-center\"><strong><a href=\"https:\/\/lateliersimec.fr\/\" title=\"\">www.lateliersimec.fr<\/a><\/strong><\/p>\n\n\n\n<p class=\"has-text-align-center\"><strong><em>L\u2019Atelier Simec est sp\u00e9cialis\u00e9 en m\u00e9tallerie sur mesure en Moselle, avec une approche d\u00e9di\u00e9e aux particuliers, alliant pr\u00e9cision, exigence et sens du d\u00e9tail.<\/em><\/strong><\/p>\n\n\n\n<h2 class=\"wp-block-heading\">Une autre approche du m\u00e9tier<\/h2>\n\n\n\n<p>Chez Simec, le m\u00e9tal est une mati\u00e8re que nous ma\u00eetrisons depuis des ann\u00e9es dans des environnements exigeants.<br>Aujourd&rsquo;hui \u00e0 <strong>L\u2019Atelier Simec<\/strong>, nous choisissons d\u2019aborder ce savoir-faire autrement.<\/p>\n\n\n\n<p>Ici, chaque projet devient une pi\u00e8ce singuli\u00e8re.<br>Ainsi, chaque d\u00e9tail compte, chaque finition est pens\u00e9e.<\/p>\n\n\n\n<p>Nous ne sommes plus dans la production, mais dans la r\u00e9alisation.<\/p>\n\n\n<div class=\"wp-block-image is-style-default\">\n<figure class=\"aligncenter size-large is-resized\"><img loading=\"lazy\" decoding=\"async\" width=\"1024\" height=\"768\" src=\"https:\/\/simec57.fr\/wp-content\/uploads\/2026\/04\/Garde-corps-FamBar2-1024x768.jpg\" alt=\"garde corps sur mesure en Moselle\" class=\"wp-image-1006\" style=\"width:365px;height:auto\" srcset=\"https:\/\/simec57.fr\/wp-content\/uploads\/2026\/04\/Garde-corps-FamBar2-1024x768.jpg 1024w, https:\/\/simec57.fr\/wp-content\/uploads\/2026\/04\/Garde-corps-FamBar2-300x225.jpg 300w, https:\/\/simec57.fr\/wp-content\/uploads\/2026\/04\/Garde-corps-FamBar2-768x576.jpg 768w, https:\/\/simec57.fr\/wp-content\/uploads\/2026\/04\/Garde-corps-FamBar2-1536x1152.jpg 1536w, https:\/\/simec57.fr\/wp-content\/uploads\/2026\/04\/Garde-corps-FamBar2-2048x1536.jpg 2048w\" sizes=\"auto, (max-width: 1024px) 100vw, 1024px\" \/><\/figure>\n<\/div>\n\n\n<h2 class=\"wp-block-heading\">Le sens du d\u00e9tail<\/h2>\n\n\n\n<p>Travailler pour un particulier, c\u2019est avant tout changer d\u2019\u00e9chelle.<br>En effet, cela implique plus de temps, plus d\u2019attention et une exigence accrue.<\/p>\n\n\n\n<p>Un alignement parfait.<br>Une soudure discr\u00e8te.<br>Une finition irr\u00e9prochable.<\/p>\n\n\n\n<p>Ainsi, ces \u00e9l\u00e9ments font toute la diff\u00e9rence entre un ouvrage simplement fonctionnel et une r\u00e9alisation pleinement aboutie.<\/p>\n\n\n<div class=\"wp-block-image\">\n<figure class=\"aligncenter size-large is-resized\"><img loading=\"lazy\" decoding=\"async\" width=\"768\" height=\"1024\" src=\"https:\/\/simec57.fr\/wp-content\/uploads\/2026\/04\/Escalier-Metz-8-768x1024.jpg\" alt=\"Escalier sur mesure en Moselle\" class=\"wp-image-1007\" style=\"width:311px\" srcset=\"https:\/\/simec57.fr\/wp-content\/uploads\/2026\/04\/Escalier-Metz-8-768x1024.jpg 768w, https:\/\/simec57.fr\/wp-content\/uploads\/2026\/04\/Escalier-Metz-8-225x300.jpg 225w, https:\/\/simec57.fr\/wp-content\/uploads\/2026\/04\/Escalier-Metz-8-1152x1536.jpg 1152w, https:\/\/simec57.fr\/wp-content\/uploads\/2026\/04\/Escalier-Metz-8-1536x2048.jpg 1536w, https:\/\/simec57.fr\/wp-content\/uploads\/2026\/04\/Escalier-Metz-8-scaled.jpg 1920w\" sizes=\"auto, (max-width: 768px) 100vw, 768px\" \/><\/figure>\n<\/div>\n\n\n<h2 class=\"wp-block-heading\">Des r\u00e9alisations pens\u00e9es pour durer\u2026 et pour se voir<\/h2>\n\n\n\n<p>Portails, garde-corps, verri\u00e8res, escaliers ou \u00e9l\u00e9ments d\u00e9coratifs\u2026<br>Chaque projet est con\u00e7u pour r\u00e9pondre \u00e0 un usage, mais \u00e9galement pour apporter une v\u00e9ritable valeur esth\u00e9tique.<\/p>\n\n\n\n<p>Par ailleurs, le m\u00e9tal ne se limite pas \u00e0 sa fonction : il devient une mati\u00e8re d\u2019expression.<\/p>\n\n\n<div class=\"wp-block-image\">\n<figure class=\"aligncenter size-large is-resized\"><img loading=\"lazy\" decoding=\"async\" width=\"1024\" height=\"768\" src=\"https:\/\/simec57.fr\/wp-content\/uploads\/2026\/04\/Portail-battant-MaVouil-1-1024x768.jpg\" alt=\"Portail sur mesure en Moselle\" class=\"wp-image-1008\" style=\"width:366px\" srcset=\"https:\/\/simec57.fr\/wp-content\/uploads\/2026\/04\/Portail-battant-MaVouil-1-1024x768.jpg 1024w, https:\/\/simec57.fr\/wp-content\/uploads\/2026\/04\/Portail-battant-MaVouil-1-300x225.jpg 300w, https:\/\/simec57.fr\/wp-content\/uploads\/2026\/04\/Portail-battant-MaVouil-1-768x576.jpg 768w, https:\/\/simec57.fr\/wp-content\/uploads\/2026\/04\/Portail-battant-MaVouil-1-1536x1152.jpg 1536w, https:\/\/simec57.fr\/wp-content\/uploads\/2026\/04\/Portail-battant-MaVouil-1.jpg 1600w\" sizes=\"auto, (max-width: 1024px) 100vw, 1024px\" \/><\/figure>\n<\/div>\n\n\n<h2 class=\"wp-block-heading\">Une relation plus directe, plus personnelle<\/h2>\n\n\n\n<p>Avec L\u2019Atelier Simec, nous privil\u00e9gions l\u2019\u00e9change.<br>Ainsi, nous prenons le temps de comprendre votre besoin, vos contraintes et votre environnement.<\/p>\n\n\n\n<p>Ensuite, nous proposons une r\u00e9ponse coh\u00e9rente, durable et parfaitement adapt\u00e9e.<\/p>\n\n\n<div class=\"wp-block-image\">\n<figure class=\"aligncenter size-large is-resized\"><img loading=\"lazy\" decoding=\"async\" width=\"1024\" height=\"768\" src=\"https:\/\/simec57.fr\/wp-content\/uploads\/2026\/04\/Garde-corps-VeyWel-1-1024x768.jpg\" alt=\"Garde corps  sur mesure en Moselle\" class=\"wp-image-1009\" style=\"width:365px\" srcset=\"https:\/\/simec57.fr\/wp-content\/uploads\/2026\/04\/Garde-corps-VeyWel-1-1024x768.jpg 1024w, https:\/\/simec57.fr\/wp-content\/uploads\/2026\/04\/Garde-corps-VeyWel-1-300x225.jpg 300w, https:\/\/simec57.fr\/wp-content\/uploads\/2026\/04\/Garde-corps-VeyWel-1-768x576.jpg 768w, https:\/\/simec57.fr\/wp-content\/uploads\/2026\/04\/Garde-corps-VeyWel-1-1536x1152.jpg 1536w, https:\/\/simec57.fr\/wp-content\/uploads\/2026\/04\/Garde-corps-VeyWel-1-2048x1536.jpg 2048w\" sizes=\"auto, (max-width: 1024px) 100vw, 1024px\" \/><\/figure>\n<\/div>\n\n\n<h2 class=\"wp-block-heading\">Un espace d\u00e9di\u00e9 \u00e0 vos projets<\/h2>\n\n\n\n<p>Pour aller plus loin, d\u00e9couvrir nos r\u00e9alisations et imaginer votre projet :<\/p>\n\n\n\n<p class=\"has-text-align-center\"><strong><a href=\"https:\/\/lateliersimec.fr\/\" title=\"\">www.lateliersimec.fr<\/a><\/strong> <\/p>\n\n\n\n<h2 class=\"wp-block-heading\">Donner forme \u00e0 vos id\u00e9es<\/h2>\n\n\n\n<p>Derri\u00e8re chaque r\u00e9alisation, il y a une intention.<br>Et surtout, la v\u00f4tre.<\/p>\n\n\n\n<p>Notre r\u00f4le est de lui donner une forme pr\u00e9cise, ma\u00eetris\u00e9e, et fid\u00e8le \u00e0 ce que vous imaginez.<\/p>\n\n\n\n<p><\/p>\n\n\n\n<h2 class=\"wp-block-heading has-text-align-center\">Suivez nous sur les r\u00e9seaux <\/h2>\n\n\n\n<div class=\"wp-block-group has-x-large-font-size\"><div class=\"wp-block-group__inner-container is-layout-constrained wp-block-group-is-layout-constrained\"><div class=\"wp-block-image\">\n<figure class=\"aligncenter size-full is-resized\"><a href=\"https:\/\/www.instagram.com\/latelier_simec\/\"><img loading=\"lazy\" decoding=\"async\" width=\"500\" height=\"500\" src=\"https:\/\/simec57.fr\/wp-content\/uploads\/2026\/04\/Instagram_icon-3.png\" alt=\"\" class=\"wp-image-1017\" style=\"width:60px\" srcset=\"https:\/\/simec57.fr\/wp-content\/uploads\/2026\/04\/Instagram_icon-3.png 500w, https:\/\/simec57.fr\/wp-content\/uploads\/2026\/04\/Instagram_icon-3-300x300.png 300w, https:\/\/simec57.fr\/wp-content\/uploads\/2026\/04\/Instagram_icon-3-150x150.png 150w\" sizes=\"auto, (max-width: 500px) 100vw, 500px\" \/><\/a><\/figure>\n<\/div><\/div><\/div>\n\n\n<div class=\"wp-block-image\">\n<figure class=\"aligncenter size-full is-resized\"><a href=\"https:\/\/www.facebook.com\/profile.php?id=61584652749541\"><img loading=\"lazy\" decoding=\"async\" width=\"960\" height=\"960\" src=\"https:\/\/simec57.fr\/wp-content\/uploads\/2026\/04\/Facebook_Logo_2023-3.png\" alt=\"\" class=\"wp-image-1018\" style=\"width:60px\" srcset=\"https:\/\/simec57.fr\/wp-content\/uploads\/2026\/04\/Facebook_Logo_2023-3.png 960w, https:\/\/simec57.fr\/wp-content\/uploads\/2026\/04\/Facebook_Logo_2023-3-300x300.png 300w, https:\/\/simec57.fr\/wp-content\/uploads\/2026\/04\/Facebook_Logo_2023-3-150x150.png 150w, https:\/\/simec57.fr\/wp-content\/uploads\/2026\/04\/Facebook_Logo_2023-3-768x768.png 768w\" sizes=\"auto, (max-width: 960px) 100vw, 960px\" \/><\/a><\/figure>\n<\/div>\n\n<div class=\"wp-block-image\">\n<figure class=\"aligncenter size-large is-resized\"><a href=\"https:\/\/lateliersimec.fr\/\"><img loading=\"lazy\" decoding=\"async\" width=\"1024\" height=\"664\" src=\"https:\/\/simec57.fr\/wp-content\/uploads\/2026\/04\/jpg-1-1024x664.jpg\" alt=\"M\u00e9tallerie sur mesure en Moselle\" class=\"wp-image-1010\" style=\"width:365px\" srcset=\"https:\/\/simec57.fr\/wp-content\/uploads\/2026\/04\/jpg-1-1024x664.jpg 1024w, https:\/\/simec57.fr\/wp-content\/uploads\/2026\/04\/jpg-1-300x194.jpg 300w, https:\/\/simec57.fr\/wp-content\/uploads\/2026\/04\/jpg-1-768x498.jpg 768w, https:\/\/simec57.fr\/wp-content\/uploads\/2026\/04\/jpg-1-1536x995.jpg 1536w, https:\/\/simec57.fr\/wp-content\/uploads\/2026\/04\/jpg-1.jpg 2048w\" sizes=\"auto, (max-width: 1024px) 100vw, 1024px\" \/><\/a><\/figure>\n<\/div>\n\n\n<p><\/p>\n","protected":false},"excerpt":{"rendered":"<p>Le m\u00e9tal travaill\u00e9 avec exigence, au service de vos projets uniques www.lateliersimec.fr L\u2019Atelier Simec est sp\u00e9cialis\u00e9 en m\u00e9tallerie sur mesure en Moselle, avec une approche d\u00e9di\u00e9e aux particuliers, alliant pr\u00e9cision, exigence et sens du d\u00e9tail. Une autre approche du m\u00e9tier Chez Simec, le m\u00e9tal est une mati\u00e8re que nous ma\u00eetrisons depuis des ann\u00e9es dans des [&hellip;]<\/p>\n","protected":false},"author":1,"featured_media":1010,"parent":0,"menu_order":0,"comment_status":"closed","ping_status":"closed","template":"","meta":{"_sitemap_exclude":false,"_sitemap_priority":"","_sitemap_frequency":"","_monsterinsights_skip_tracking":false,"_monsterinsights_sitenote_active":false,"_monsterinsights_sitenote_note":"","_monsterinsights_sitenote_category":0,"footnotes":""},"class_list":["post-1003","page","type-page","status-publish","has-post-thumbnail","hentry"],"aioseo_notices":[],"_links":{"self":[{"href":"https:\/\/simec57.fr\/index.php?rest_route=\/wp\/v2\/pages\/1003","targetHints":{"allow":["GET"]}}],"collection":[{"href":"https:\/\/simec57.fr\/index.php?rest_route=\/wp\/v2\/pages"}],"about":[{"href":"https:\/\/simec57.fr\/index.php?rest_route=\/wp\/v2\/types\/page"}],"author":[{"embeddable":true,"href":"https:\/\/simec57.fr\/index.php?rest_route=\/wp\/v2\/users\/1"}],"replies":[{"embeddable":true,"href":"https:\/\/simec57.fr\/index.php?rest_route=%2Fwp%2Fv2%2Fcomments&post=1003"}],"version-history":[{"count":11,"href":"https:\/\/simec57.fr\/index.php?rest_route=\/wp\/v2\/pages\/1003\/revisions"}],"predecessor-version":[{"id":1043,"href":"https:\/\/simec57.fr\/index.php?rest_route=\/wp\/v2\/pages\/1003\/revisions\/1043"}],"wp:featuredmedia":[{"embeddable":true,"href":"https:\/\/simec57.fr\/index.php?rest_route=\/wp\/v2\/media\/1010"}],"wp:attachment":[{"href":"https:\/\/simec57.fr\/index.php?rest_route=%2Fwp%2Fv2%2Fmedia&parent=1003"}],"curies":[{"name":"wp","href":"https:\/\/api.w.org\/{rel}","templated":true}]}}