{"id":10,"date":"2020-02-27T10:26:38","date_gmt":"2020-02-27T10:26:38","guid":{"rendered":"http:\/\/simec57.fr\/?page_id=10"},"modified":"2023-09-01T07:53:56","modified_gmt":"2023-09-01T07:53:56","slug":"bienvenue-chez-simec","status":"publish","type":"page","link":"https:\/\/simec57.fr\/","title":{"rendered":"Accueil"},"content":{"rendered":"\n<div class=\"wp-block-cover aligncenter is-light\"><span aria-hidden=\"true\" class=\"wp-block-cover__background has-background-dim-40 has-background-dim\"><\/span><video class=\"wp-block-cover__video-background intrinsic-ignore\" autoplay muted loop playsinline src=\"https:\/\/simec57.fr\/wp-content\/uploads\/2023\/07\/Simec-Atelier.mp4\" style=\"object-position:49% 58%\" data-object-fit=\"cover\" data-object-position=\"49% 58%\"><\/video><div class=\"wp-block-cover__inner-container is-layout-flow wp-block-cover-is-layout-flow\">\n<p class=\"has-text-align-left has-vivid-cyan-blue-color has-text-color has-large-font-size\"><em>Bienvenue chez Simec<\/em><\/p>\n<\/div><\/div>\n\n\n\n<h1 class=\"wp-block-heading has-text-align-center\"><br><br>La soci\u00e9t\u00e9 Simec, votre sp\u00e9cialiste pour :<\/h1>\n\n\n\n<p><\/p>\n\n\n\n<p><\/p>\n\n\n\n<div class=\"wp-block-columns is-layout-flex wp-container-core-columns-is-layout-9d6595d7 wp-block-columns-is-layout-flex\">\n<div class=\"wp-block-column is-layout-flow wp-block-column-is-layout-flow\">\n<h2 class=\"wp-block-heading has-text-align-center\"><a href=\"https:\/\/simec57.fr\/?page_id=290\">D\u00e9coupes plasma<\/a><\/h2>\n<\/div>\n\n\n\n<div class=\"wp-block-column is-layout-flow wp-block-column-is-layout-flow\">\n<h2 class=\"wp-block-heading has-text-align-center\"><a href=\"https:\/\/simec57.fr\/?page_id=979\" title=\"Particuliers\">Particuliers<\/a><\/h2>\n<\/div>\n\n\n\n<div class=\"wp-block-column is-layout-flow wp-block-column-is-layout-flow\">\n<h2 class=\"wp-block-heading has-text-align-center\"><a href=\"https:\/\/simec57.fr\/?page_id=39\" title=\"https:\/\/simec57.fr\/?page_id=82\">Professionnels<\/a><\/h2>\n\n\n\n<p><\/p>\n\n\n\n<p><\/p>\n<\/div>\n<\/div>\n\n\n\n<p><\/p>\n\n\n\n<h3 class=\"wp-block-heading has-text-align-center\" style=\"font-size:25px\"><strong>Un artisan \u00e0 votre \u00e9coute <\/strong><\/h3>\n\n\n\n<p class=\"has-text-align-center has-medium-font-size\">Bas\u00e9e \u00e0 Metz (57) la soci\u00e9t\u00e9 <strong>Simec <\/strong>est sp\u00e9cialis\u00e9e dans la fabrication, la pose et la mise en s\u00e9curit\u00e9 de vos biens, domicile, entreprise, copropri\u00e9t\u00e9 et commune. Son \u00e9quipe exp\u00e9riment\u00e9e vous accompagne depuis 2001, dans vos projets d\u2019am\u00e9nagement, de s\u00e9curisation gr\u00e2ce \u00e0 des solutions adapt\u00e9es pour vos&nbsp;:<br><\/p>\n\n\n\n<h4 class=\"wp-block-heading has-text-align-center has-small-font-size\"><a href=\"https:\/\/simec57.fr\/?cat=28\"><strong>Portails, cl\u00f4tures<\/strong><\/a><\/h4>\n\n\n\n<h4 class=\"wp-block-heading has-text-align-center has-small-font-size\">Portes de garage <\/h4>\n\n\n\n<h4 class=\"wp-block-heading has-text-align-center has-small-font-size\"><a href=\"https:\/\/simec57.fr\/?cat=87\">Mobiliers urbains<\/a><\/h4>\n\n\n\n<h4 class=\"wp-block-heading has-text-align-center has-small-font-size\"><a href=\"https:\/\/simec57.fr\/?cat=203\">Escaliers<\/a><\/h4>\n\n\n\n<h4 class=\"wp-block-heading has-text-align-center has-small-font-size\"><a href=\"https:\/\/simec57.fr\/?cat=197\">Main courantes, garde-corps<\/a><br><\/h4>\n\n\n\n<p><\/p>\n\n\n\n<h3 class=\"wp-block-heading has-text-align-center\" style=\"font-size:25px\"><strong>L\u2019exp\u00e9rience du sur mesure<\/strong><\/h3>\n\n\n\n<p class=\"has-text-align-center has-medium-font-size\">Fort de son exp\u00e9rience aupr\u00e8s des <strong>professionnels<\/strong>, des <strong>syndicats de copropri\u00e9t\u00e9<\/strong>, des <strong>administrations<\/strong>, et des <strong>particuliers<\/strong>, la soci\u00e9t\u00e9 Simec vous offre un service personnalis\u00e9 et sur mesure pour vos\u00a0:<br><\/p>\n\n\n\n<h4 class=\"wp-block-heading has-text-align-center has-small-font-size\"><a href=\"https:\/\/simec57.fr\/?page_id=82\">Structures m\u00e9talliques<\/a><\/h4>\n\n\n\n<h4 class=\"wp-block-heading has-text-align-center has-small-font-size\"><a href=\"https:\/\/simec57.fr\/?cat=30\">Passerelles<\/a><\/h4>\n\n\n\n<h4 class=\"wp-block-heading has-text-align-center has-small-font-size\"><a href=\"https:\/\/simec57.fr\/?cat=109\">\u00c9chelles \u00e0 crinoline<\/a><\/h4>\n\n\n\n<h4 class=\"wp-block-heading has-text-align-center has-small-font-size\"><a href=\"https:\/\/simec57.fr\/?page_id=82\">Mats, pyl\u00f4nes<\/a><\/h4>\n\n\n\n<h4 class=\"wp-block-heading has-text-align-center has-small-font-size\"><a href=\"https:\/\/simec57.fr\/?page_id=41\">Contr\u00f4le d\u2019acc\u00e8s, cam\u00e9ra, alarme<\/a><br><\/h4>\n\n\n\n<p><\/p>\n\n\n\n<h3 class=\"wp-block-heading has-text-align-center\" style=\"font-size:25px\"><strong>Secteur d\u00e9coupe plasma et pliage<\/strong><\/h3>\n\n\n\n<p class=\"has-text-align-center has-medium-font-size\">Afin de r\u00e9pondre \u00e0 la demande croissante de ses clients, Simec cr\u00e9\u00e9 et d\u00e9veloppe un secteur d\u00e9coupe plasma et pliage. <br><\/p>\n\n\n\n<h4 class=\"wp-block-heading has-text-align-center has-small-font-size\"><a href=\"https:\/\/simec57.fr\/?cat=155\">Pi\u00e8ces industrielles<\/a><\/h4>\n\n\n\n<h4 class=\"wp-block-heading has-text-align-center has-small-font-size\"><a href=\"https:\/\/simec57.fr\/?cat=250\">Portails personnalis\u00e9s<\/a><\/h4>\n\n\n\n<h4 class=\"wp-block-heading has-text-align-center has-small-font-size\"><a href=\"https:\/\/simec57.fr\/?cat=188\">Mobiliers urbain personnalis\u00e9s<\/a><\/h4>\n\n\n\n<h4 class=\"wp-block-heading has-text-align-center has-small-font-size\"><a href=\"https:\/\/simec57.fr\/?cat=150\">D\u00e9corations int\u00e9rieurs<\/a>&nbsp;\/&nbsp;<a href=\"https:\/\/simec57.fr\/?cat=189\">ext\u00e9rieurs<\/a><\/h4>\n\n\n\n<h4 class=\"wp-block-heading has-text-align-center has-small-font-size\">Totems<br><\/h4>\n\n\n\n<h3 class=\"wp-block-heading has-text-align-center\"><strong>Motorisation et entretien<\/strong><\/h3>\n\n\n\n<p class=\"has-medium-font-size\">Depuis plus de 20 ann\u00e9es, Simec s&rsquo;occupe de la motorisation de vos portails qu&rsquo;ils soit battants ou coulissants, neuf ou existant.<br><br>De plus, afin d&rsquo;optimiser la dur\u00e9e de vie de vos installations et de r\u00e9pondre \u00e0 vos obligations l\u00e9gales, la soci\u00e9t\u00e9 Simec s\u2019occupe de l\u2019entretien semestriel selon la norme EN 13.241-1, le d\u00e9pannage et la mise en conformit\u00e9 de vos \u00e9quipements automatis\u00e9s.<br><\/p>\n\n\n\n<p><\/p>\n\n\n\n<h4 class=\"wp-block-heading has-text-align-center has-small-font-size\"><a href=\"https:\/\/simec57.fr\/?cat=70\"><strong>Automatismes \/ motorisations<\/strong><\/a><\/h4>\n\n\n\n<h2 class=\"wp-block-heading has-text-align-center has-small-font-size\"><a href=\"https:\/\/simec57.fr\/?cat=64\">Interphones<\/a>&nbsp;\/ vid\u00e9o surveillance<\/h2>\n\n\n\n<h2 class=\"wp-block-heading has-text-align-center has-small-font-size\"><a href=\"https:\/\/simec57.fr\/?cat=70\">Contr\u00f4le d\u2019acc\u00e8s<\/a><\/h2>\n\n\n\n<h2 class=\"wp-block-heading has-text-align-center has-small-font-size\"><a href=\"https:\/\/simec57.fr\/?page_id=59\">Maintenance<\/a><br><\/h2>\n\n\n\n<p><\/p>\n\n\n\n<p class=\"has-text-align-center\"><em><strong>CAME INSTALLATEUR PREMIUM<\/strong><\/em><\/p>\n\n\n<div class=\"wp-block-image\">\n<figure class=\"aligncenter size-large is-resized\"><img loading=\"lazy\" decoding=\"async\" src=\"https:\/\/simec57.fr\/wp-content\/uploads\/2021\/05\/Logo_Came_Premium_5ans-1024x321.jpg\" alt=\"Came Premium\" class=\"wp-image-258\" style=\"width:768px;height:241px\" width=\"768\" height=\"241\" srcset=\"https:\/\/simec57.fr\/wp-content\/uploads\/2021\/05\/Logo_Came_Premium_5ans-1024x321.jpg 1024w, https:\/\/simec57.fr\/wp-content\/uploads\/2021\/05\/Logo_Came_Premium_5ans-300x94.jpg 300w, https:\/\/simec57.fr\/wp-content\/uploads\/2021\/05\/Logo_Came_Premium_5ans-768x241.jpg 768w, https:\/\/simec57.fr\/wp-content\/uploads\/2021\/05\/Logo_Came_Premium_5ans-1536x482.jpg 1536w, https:\/\/simec57.fr\/wp-content\/uploads\/2021\/05\/Logo_Came_Premium_5ans.jpg 1700w\" sizes=\"auto, (max-width: 768px) 100vw, 768px\" \/><\/figure>\n<\/div>\n\n\n<p class=\"has-medium-font-size\"><br>A l\u2019\u00e9coute de vos&nbsp; besoins, nous vous proposons une gamme compl\u00e8te pour la gestion de vos appareils connect\u00e9s depuis votre PC, tablette, smartphone .<\/p>\n\n\n\n<p class=\"has-medium-font-size\"><br><\/p>\n\n\n\n<h2 class=\"wp-block-heading has-text-align-center has-medium-font-size\"> Pour votre \u00e9tude personnalis\u00e9e, <a href=\"https:\/\/simec57.fr\/?page_id=25\">contactez nous <\/a><\/h2>\n\n\n\n<p class=\"has-text-align-center has-medium-font-size\"><\/p>\n\n\n<div class=\"wp-block-image\">\n<figure class=\"aligncenter size-large\"><img loading=\"lazy\" decoding=\"async\" width=\"450\" height=\"205\" src=\"https:\/\/simec57.fr\/wp-content\/uploads\/2020\/02\/logo.jpg\" alt=\" La soci\u00e9t\u00e9 Simec\" class=\"wp-image-6\" srcset=\"https:\/\/simec57.fr\/wp-content\/uploads\/2020\/02\/logo.jpg 450w, https:\/\/simec57.fr\/wp-content\/uploads\/2020\/02\/logo-300x137.jpg 300w\" sizes=\"auto, (max-width: 450px) 100vw, 450px\" \/><\/figure>\n<\/div>\n\n\n<p class=\"has-text-align-center has-normal-font-size\"> 16 rue de M\u00e9ric<br> 57140 WOIPPY<br>03 87 30 10 76<br><a href=\"mailto:bureau@simec57.fr\">bureau@simec57.fr<\/a><br><a href=\"https:\/\/www.google.fr\/maps\/@49.1415244,6.1620564,149m\/data=!3m1!1e3?hl=fr\" target=\"_blank\" rel=\"noreferrer noopener\">Nous situer <\/a><\/p>\n\n\n\n<p><\/p>\n\n\n\n<p><\/p>\n","protected":false},"excerpt":{"rendered":"<p>La soci\u00e9t\u00e9 Simec, votre sp\u00e9cialiste pour : D\u00e9coupes plasma Particuliers Professionnels Un artisan \u00e0 votre \u00e9coute Bas\u00e9e \u00e0 Metz (57) la soci\u00e9t\u00e9 Simec est sp\u00e9cialis\u00e9e dans la fabrication, la pose et la mise en s\u00e9curit\u00e9 de vos biens, domicile, entreprise, copropri\u00e9t\u00e9 et commune. Son \u00e9quipe exp\u00e9riment\u00e9e vous accompagne depuis 2001, dans vos projets d\u2019am\u00e9nagement, de [&hellip;]<\/p>\n","protected":false},"author":1,"featured_media":0,"parent":0,"menu_order":0,"comment_status":"closed","ping_status":"closed","template":"","meta":{"_sitemap_exclude":false,"_sitemap_priority":"","_sitemap_frequency":"","_monsterinsights_skip_tracking":false,"_monsterinsights_sitenote_active":false,"_monsterinsights_sitenote_note":"","_monsterinsights_sitenote_category":0,"footnotes":""},"class_list":["post-10","page","type-page","status-publish","hentry"],"aioseo_notices":[],"_links":{"self":[{"href":"https:\/\/simec57.fr\/index.php?rest_route=\/wp\/v2\/pages\/10","targetHints":{"allow":["GET"]}}],"collection":[{"href":"https:\/\/simec57.fr\/index.php?rest_route=\/wp\/v2\/pages"}],"about":[{"href":"https:\/\/simec57.fr\/index.php?rest_route=\/wp\/v2\/types\/page"}],"author":[{"embeddable":true,"href":"https:\/\/simec57.fr\/index.php?rest_route=\/wp\/v2\/users\/1"}],"replies":[{"embeddable":true,"href":"https:\/\/simec57.fr\/index.php?rest_route=%2Fwp%2Fv2%2Fcomments&post=10"}],"version-history":[{"count":52,"href":"https:\/\/simec57.fr\/index.php?rest_route=\/wp\/v2\/pages\/10\/revisions"}],"predecessor-version":[{"id":993,"href":"https:\/\/simec57.fr\/index.php?rest_route=\/wp\/v2\/pages\/10\/revisions\/993"}],"wp:attachment":[{"href":"https:\/\/simec57.fr\/index.php?rest_route=%2Fwp%2Fv2%2Fmedia&parent=10"}],"curies":[{"name":"wp","href":"https:\/\/api.w.org\/{rel}","templated":true}]}}